{"id":1518,"date":"2017-07-25T09:28:45","date_gmt":"2017-07-25T09:28:45","guid":{"rendered":"http:\/\/www.bilimetrix.net\/?page_id=1518"},"modified":"2020-10-26T13:11:53","modified_gmt":"2020-10-26T13:11:53","slug":"cookie","status":"publish","type":"page","link":"https:\/\/www.bilimetrix.net\/it\/cookie\/","title":{"rendered":"Informativa Sui Cookie"},"content":{"rendered":"<p>[vc_row][vc_column]<div id=\"sc_title_570825595\"\r\n\t\tclass=\"sc_title sc_title_default\"><h2 class=\"sc_item_title sc_title_title sc_align_center sc_item_title_style_default sc_item_title_tag\">Cookie<\/h2><\/div><!-- \/.sc_title -->[vc_separator color=&#8221;custom&#8221; border_width=&#8221;4&#8243; el_width=&#8221;10&#8243; accent_color=&#8221;#feb600&#8243;][vc_column_text]<strong>Cosa sono i cookie?<\/strong><\/p>\n<p>I cookie sono file di testo di piccole dimensioni trasferiti sul computer, sullo smartphone o sul tablet dell\u2019utente tramite il browser web.<\/p>\n<p>I cookie possono essere di tipo temporaneo (cookie di sessione), se utilizzati solo durante la visita dell\u2019utente a un sito web ed eliminati alla chiusura del browser, oppure di tipo permanente, se rimangono nella memoria permanente del dispositivo anche quando l\u2019utente esce dal web, finch\u00e9 non vengono eliminati manualmente dall\u2019utente o automaticamente dal browser dopo un determinato periodo di tempo.<\/p>\n<p><strong><br \/>\nIn che modo Bilimetrix utilizza i cookie?<\/strong><\/p>\n<p>Bilimetrix utilizza alcuni cookie tecnici temporanei, che consentono di ricordare l\u2019utente mentre naviga sul sito www.bilimetrix.it (Sito).<\/p>\n<p>Bilimetrix consente inoltre a Google di utilizzare sul Sito i cookie analitici (sia temporanei che permanenti) ai fini di raccogliere informazioni aggregate relative alle parti del Sito visitate pi\u00f9 di frequente e di tenere monitorate le proprie pubblicit\u00e0. Le informazioni cos\u00ec ottenute vengono utilizzate per migliorare i contenuti del Sito e per facilitarne la consultazione da parte degli utenti.<\/p>\n<p>Bilimetrix consente altres\u00ec l\u2019installazione di cookie di profilazione di terze parti. Questi cookie, che non sono gestiti da Bilimetrix, sono volti a creare profili relativi all\u2019utente sulla base dell\u2019esperienza di navigazione sul Sito e su tutti gli altri siti visitati, e vengono utilizzati al fine di inviare messaggi pubblicitari in linea con le preferenze manifestate dallo stesso nell\u2019ambito della navigazione in rete.<\/p>\n<p>Un elenco completo di tutti i cookie in uso sul Sito e il link alle informative e ai moduli di consenso delle terze parti fornitrici dei cookie di profilazione sopra descritti sono riportati di\u00a0seguito.<\/p>\n<ul>\n<li>wordpress_test_cookie<\/li>\n<li>PHPSESSID<\/li>\n<\/ul>\n<p><strong>YOUTUBE<\/strong><\/p>\n<ul>\n<li>NID<\/li>\n<li>Id<\/li>\n<li>IDE<\/li>\n<li>VISITOR_INFO1_LIVE<\/li>\n<li>PREF<\/li>\n<li>YSC<\/li>\n<li>GOOGLE.COM<\/li>\n<li>NID<\/li>\n<\/ul>\n<p><strong><br \/>\nI cookie e la privacy<\/strong><\/p>\n<p>Le impostazioni predefinite della maggior parte dei browser accettano l\u2019utilizzo dei cookie sia di Bilimetrix che di terzi. \u00c8 comunque possibile modificare tali impostazioni (sia per quanto riguarda i cookie di Bilimetrix che quelli di terzi) e scegliere fra accettare i cookie, visualizzare una finestra popup che consente di scegliere se accettare o meno i cookie oppure rifiutare l\u2019uso di tutti i cookie indistintamente.<\/p>\n<p>Per consentire al Sito di funzionare nel migliore dei modi, si consiglia di accettare sia i cookie di Bilimetrix che quelli di terzi. Le impostazioni del browser possono essere modificate tramite la barra degli strumenti.<\/p>\n<p>Se si desidera disabilitare i cookie di Google Analytics (Google DoubleClick), visitare la relativa pagina Web di Google (https:\/\/tools.google.com\/dlpage\/gaoptout?hl=it) e scaricare il componente aggiuntivo per la disattivazione di Google Analytics per il browser utilizzato.<\/p>\n<p>Con riferimento ai cookies di profilazione terza parte installati dal Sito, \u00e8 possibile prendere visione della privacy policy delle terze parti e prestare o negare il consenso ai medesimi cookie qui.<\/p>\n<p>Se si desidera disabilitare alcuni o tutti i cookie di profilazione terza parte installati da Bilimetrix, visita i seguenti link:<\/p>\n<p>Google:\u00a0<a href=\"http:\/\/www.google.com\/intl\/it\/policies\/privacy\/\" target=\"_blank\" rel=\"noopener noreferrer\">http:\/\/www.google.com\/intl\/it\/policies\/privacy\/<\/a>.<\/p>\n<p>Mediamath, Affiperf:\u00a0<a href=\"http:\/\/www.mediamath.com\/privacy-policy\/\" target=\"_blank\" rel=\"noopener noreferrer\">http:\/\/www.mediamath.com\/privacy-policy\/<\/a>.<\/p>\n<p><strong><br \/>\nImportante<\/strong><\/p>\n<p>\u00c8 possibile configurare il browser in modo da essere avvisati in ogni caso di invio di cookie, oppure rifiutare tutti i cookie, del Sito e di altri siti; si noti, tuttavia, che la mancata accettazione dei cookie compromette l\u2019utilizzo di alcune funzionalit\u00e0 e l\u2019uso completo delle pagine vistate.<\/p>\n<p>\u00c8 possibile modificare le preferenze sui cookie attraverso le impostazioni del browser. Poich\u00e9 ciascun browser ha delle funzioni leggermente diverse, si consiglia di verificare con la funzione \u201caiuto\u201d del browser le modalit\u00e0 di modifica delle impostazioni relative ai cookie.<\/p>\n<p>Al primo accesso al Sito \u00e8 comparso un banner nella schermata del PC. Se \u00e8 stato cliccato il tasto \u201cOK\u201d o se l\u2019utente ha proseguito nella navigazione del Sito, si \u00e8 acconsentito alla raccolta e all\u2019uso dei cookie da parte di Bilimetrix. La scelta potr\u00e0 essere modificata in qualsiasi momento agendo sulle impostazioni del browser. Ai seguenti link sono riportate le istruzioni per la modifica delle impostazioni dei principali browser:<\/p>\n<ul>\n<li>Internet Explorer:\u00a0<a href=\"http:\/\/support.microsoft.com\/gp\/cookies\/en\" target=\"_blank\" rel=\"noopener noreferrer\">http:\/\/support.microsoft.com\/gp\/cookies\/en<\/a><\/li>\n<\/ul>\n<ul>\n<li>MozillaFirefox:\u00a0<a href=\"http:\/\/support.mozilla.com\/en-US\/kb\/Cookies\" target=\"_blank\" rel=\"noopener noreferrer\">http:\/\/support.mozilla.com\/en-US\/kb\/Cookies<\/a><\/li>\n<\/ul>\n<ul>\n<li>Google Chrome:\u00a0<a href=\"http:\/\/www.google.com\/support\/chrome\/bin\/answer.py?hl=en&amp;answer=95647\" target=\"_blank\" rel=\"noopener noreferrer\">http:\/\/www.google.com\/support\/chrome\/bin\/answer.py?hl=en&amp;answer=95647<\/a><\/li>\n<\/ul>\n<ul>\n<li>Safari:\u00a0<a href=\"https:\/\/support.apple.com\/kb\/PH19214?viewlocale=it_IT&amp;locale=it_IT\" target=\"_blank\" rel=\"noopener noreferrer\">https:\/\/support.apple.com\/kb\/PH19214?viewlocale=it_IT&amp;locale=it_IT<\/a><\/li>\n<\/ul>\n<ul>\n<li>Opera:\u00a0<a href=\"http:\/\/www.opera.com\/browser\/tutorials\/security\/privacy\/\" target=\"_blank\" rel=\"noopener noreferrer\">http:\/\/www.opera.com\/browser\/tutorials\/security\/privacy\/<\/a><\/li>\n<\/ul>\n<p>[\/vc_column_text][\/vc_column][\/vc_row][vc_row full_width=&#8221;stretch_row_content&#8221; el_class=&#8221;contatti&#8221; css=&#8221;.vc_custom_1500975096318{margin-top: 40px !important;}&#8221;][vc_column][vc_separator color=&#8221;custom&#8221; accent_color=&#8221;#f6f6f6&#8243;][\/vc_column][\/vc_row][vc_row][vc_column]<div class=\"sc_layouts sc_layouts_default sc_layouts_1047\">[vc_row el_id=\"row_contatti\"][vc_column el_id=\"settimo_blocco_home\"]<div class=\"sc_layouts_item\"><div id=\"contattaci\"\r\n\t\tclass=\"sc_title sc_title_default\"><h3 class=\"sc_item_title sc_title_title sc_align_center sc_item_title_style_default sc_item_title_tag\">Contattaci<\/h3><div class=\"sc_item_descr sc_title_descr sc_align_center\">Se desideri contattarci per l'acquisto o per chiarimenti tecnici sul Sistema Bilistick<sup>\u00ae<\/sup>, invia un messaggio compilando il seguente modulo.<\/div><\/div><!-- \/.sc_title --><\/div>[vc_row_inner][vc_column_inner width=\"1\/2\"]<div role=\"form\" class=\"wpcf7\" id=\"wpcf7-f824-o1\" lang=\"it-IT\" dir=\"ltr\">\n<div class=\"screen-reader-response\"><p role=\"status\" aria-live=\"polite\" aria-atomic=\"true\"><\/p> <ul><\/ul><\/div>\n<form action=\"\/it\/wp-json\/wp\/v2\/pages\/1518#wpcf7-f824-o1\" method=\"post\" class=\"wpcf7-form init wpcf7-acceptance-as-validation\" novalidate=\"novalidate\" data-status=\"init\">\n<div style=\"display: none;\">\n<input type=\"hidden\" name=\"_wpcf7\" value=\"824\" \/>\n<input type=\"hidden\" name=\"_wpcf7_version\" value=\"5.4.1\" \/>\n<input type=\"hidden\" name=\"_wpcf7_locale\" value=\"it_IT\" \/>\n<input type=\"hidden\" name=\"_wpcf7_unit_tag\" value=\"wpcf7-f824-o1\" \/>\n<input type=\"hidden\" name=\"_wpcf7_container_post\" value=\"0\" \/>\n<input type=\"hidden\" name=\"_wpcf7_posted_data_hash\" value=\"\" \/>\n<input type=\"hidden\" name=\"_wpcf7_recaptcha_response\" value=\"\" \/>\n<\/div>\n<div class=\"vc_row\">\n<div class=\"vc_col-sm-6\">\n        <label class=\"nome\"><span class=\"wpcf7-form-control-wrap Nome_e_Cognome\"><input type=\"text\" name=\"Nome_e_Cognome\" value=\"\" size=\"40\" class=\"wpcf7-form-control wpcf7-text wpcf7-validates-as-required\" aria-required=\"true\" aria-invalid=\"false\" placeholder=\"Nome e Cognome *\" \/><\/span><\/label>\n    <\/div>\n<div class=\"vc_col-sm-6\">\n        <label class=\"email\" ><span class=\"wpcf7-form-control-wrap Email\"><input type=\"email\" name=\"Email\" value=\"\" size=\"40\" class=\"wpcf7-form-control wpcf7-text wpcf7-email wpcf7-validates-as-required wpcf7-validates-as-email\" aria-required=\"true\" aria-invalid=\"false\" placeholder=\"E-mail *\" \/><\/span><\/label>\n    <\/div>\n<\/div>\n<div class=\"vc_row\">\n<div class=\"vc_col-sm-6\">\n        <label class=\"citta\"><span class=\"wpcf7-form-control-wrap Citta\"><input type=\"text\" name=\"Citta\" value=\"\" size=\"40\" class=\"wpcf7-form-control wpcf7-text wpcf7-validates-as-required\" aria-required=\"true\" aria-invalid=\"false\" placeholder=\"Citt\u00e0 *\" \/><\/span><\/label>\n    <\/div>\n<div class=\"vc_col-sm-6\">\n        <label class=\"stato\"><span class=\"wpcf7-form-control-wrap Stato\"><input type=\"text\" name=\"Stato\" value=\"\" size=\"40\" class=\"wpcf7-form-control wpcf7-text wpcf7-validates-as-required\" aria-required=\"true\" aria-invalid=\"false\" placeholder=\"Stato *\" \/><\/span><\/label>\n    <\/div>\n<\/div>\n<div class=\"vc_row\">\n<div class=\"vc_col-sm-6\">\n        <label class=\"company\"><span class=\"wpcf7-form-control-wrap AziendaAssociazione\"><input type=\"text\" name=\"AziendaAssociazione\" value=\"\" size=\"40\" class=\"wpcf7-form-control wpcf7-text\" aria-invalid=\"false\" placeholder=\"Azienda\/Associazione\" \/><\/span><\/label>\n    <\/div>\n<div class=\"vc_col-sm-6\">\n        <label class=\"numero\"><span class=\"wpcf7-form-control-wrap Numero_Telefono\"><input type=\"tel\" name=\"Numero_Telefono\" value=\"\" size=\"40\" class=\"wpcf7-form-control wpcf7-text wpcf7-tel wpcf7-validates-as-tel\" aria-invalid=\"false\" placeholder=\"Numero di Telefono\" \/><\/span><\/label>\n    <\/div>\n<\/div>\n<div class=\"vc_row messaggio_form\">\n<div class=\"vc_col-sm-12\">\n        <label class=\"messaggio\"><span class=\"wpcf7-form-control-wrap Messaggio\"><textarea name=\"Messaggio\" cols=\"40\" rows=\"10\" class=\"wpcf7-form-control wpcf7-textarea wpcf7-validates-as-required\" aria-required=\"true\" aria-invalid=\"false\" placeholder=\"Messaggio *\"><\/textarea><\/span><\/label>\n    <\/div>\n<div class=\"vc_col-sm-12 custom_checkbox privacy_link\">\n        <span class=\"wpcf7-form-control-wrap accept\"><span class=\"wpcf7-form-control wpcf7-checkbox wpcf7-validates-as-required inject_privacy\"><span class=\"wpcf7-list-item first last\"><input type=\"checkbox\" name=\"accept[]\" value=\"Accetto tutte le condizioni dell\u2019informativa sulla\" \/><span class=\"wpcf7-list-item-label\">Accetto tutte le condizioni dell\u2019informativa sulla<\/span><\/span><\/span><\/span>\n    <\/div>\n<\/div>\n<div class=\"vc_row recaptcha\">\n<div class=\"vc_col-sm-12\">\n<div>\n\n<\/div>\n<\/div>\n<\/div>\n<div class=\"vc_row obbligatorio\">\n<div class=\"vc_col-sm-12\">\n<div class=\"obbligo\" id=\"obbligo\">* Campo obbligatorio<\/div>\n<\/div>\n<\/div>\n<div class=\"vc_row input_invio\">\n<div class=\"vc_col-sm-12\">\n        <input type=\"submit\" value=\"INVIA IL MESSAGGIO\" class=\"wpcf7-form-control wpcf7-submit\" \/>\n    <\/div>\n<\/div>\n<div class=\"wpcf7-response-output\" aria-hidden=\"true\"><\/div><\/form><\/div>[\/vc_column_inner][vc_column_inner width=\"1\/2\"][vc_gmaps link=\"#E-8_JTNDaWZyYW1lJTIwd2lkdGglM0QlMjI2MDAlMjIlMjBoZWlnaHQlM0QlMjI0MDAlMjIlMjBmcmFtZWJvcmRlciUzRCUyMjAlMjIlMjBzdHlsZSUzRCUyMmJvcmRlciUzQTAlMjIlMjBzcmMlM0QlMjJodHRwcyUzQSUyRiUyRnd3dy5nb29nbGUuY29tJTJGbWFwcyUyRmVtYmVkJTJGdjElMkZwbGFjZSUzRnElM0RwbGFjZV9pZCUzQUNoSUpkOEViRloxcWUwY1JhUlNqaE4zMXBuSSUyNmtleSUzREFJemFTeUNDS1ZHb3g3U1Y2cUl6cjFiYXZHOUlES1Z1WW5JeWhMOCUyMiUyMGFsbG93ZnVsbHNjcmVlbiUzRSUzQyUyRmlmcmFtZSUzRQ==\" size=\"400\"][\/vc_column_inner][\/vc_row_inner][\/vc_column][\/vc_row]<\/div>[\/vc_column][\/vc_row]<\/p>\n","protected":false},"excerpt":{"rendered":"<p>[vc_row][vc_column][vc_separator color=&#8221;custom&#8221; border_width=&#8221;4&#8243; el_width=&#8221;10&#8243; accent_color=&#8221;#feb600&#8243;][vc_column_text]Cosa sono i cookie? I cookie sono file di testo di piccole dimensioni trasferiti sul computer, sullo smartphone o sul tablet dell\u2019utente tramite il browser web. I cookie possono essere di tipo temporaneo (cookie di sessione), se utilizzati solo durante la visita dell\u2019utente a un sito web ed eliminati alla chiusura del browser, oppure di tipo&hellip;<\/p>\n","protected":false},"author":1,"featured_media":0,"parent":0,"menu_order":0,"comment_status":"closed","ping_status":"closed","template":"","meta":{"footnotes":""},"class_list":["post-1518","page","type-page","status-publish","hentry"],"yoast_head":"<!-- This site is optimized with the Yoast SEO plugin v16.7 - https:\/\/yoast.com\/wordpress\/plugins\/seo\/ -->\n<title>Bilimetrix | Informativa sui cookie<\/title>\n<meta name=\"description\" content=\"Cosa sono i cookie? I cookie sono file di testo di piccole dimensioni trasferiti sul computer, sullo smartphone o sul tablet dell\u2019utente\" \/>\n<meta name=\"robots\" content=\"index, follow, max-snippet:-1, max-image-preview:large, max-video-preview:-1\" \/>\n<link rel=\"canonical\" href=\"https:\/\/www.bilimetrix.net\/it\/cookie\/\" \/>\n<meta property=\"og:locale\" content=\"it_IT\" \/>\n<meta property=\"og:type\" content=\"article\" \/>\n<meta property=\"og:title\" content=\"Bilimetrix | Informativa sui cookie\" \/>\n<meta property=\"og:description\" content=\"Cosa sono i cookie? I cookie sono file di testo di piccole dimensioni trasferiti sul computer, sullo smartphone o sul tablet dell\u2019utente\" \/>\n<meta property=\"og:url\" content=\"https:\/\/www.bilimetrix.net\/it\/cookie\/\" \/>\n<meta property=\"og:site_name\" content=\"bilimetrix\" \/>\n<meta property=\"article:modified_time\" content=\"2020-10-26T13:11:53+00:00\" \/>\n<meta property=\"og:image\" content=\"http:\/\/www.bilimetrix.net\/wp-content\/uploads\/2016\/12\/fb_bilimetrix.jpg\" \/>\n<meta name=\"twitter:card\" content=\"summary\" \/>\n<meta name=\"twitter:label1\" content=\"Est. reading time\" \/>\n\t<meta name=\"twitter:data1\" content=\"4 minutes\" \/>\n<script type=\"application\/ld+json\" class=\"yoast-schema-graph\">{\"@context\":\"https:\/\/schema.org\",\"@graph\":[{\"@type\":\"WebSite\",\"@id\":\"https:\/\/www.bilimetrix.net\/it\/#website\",\"url\":\"https:\/\/www.bilimetrix.net\/it\/\",\"name\":\"bilimetrix\",\"description\":\"Misurare la bilirubina nei neonati usando un POCT\",\"potentialAction\":[{\"@type\":\"SearchAction\",\"target\":{\"@type\":\"EntryPoint\",\"urlTemplate\":\"https:\/\/www.bilimetrix.net\/it\/?s={search_term_string}\"},\"query-input\":\"required name=search_term_string\"}],\"inLanguage\":\"it-IT\"},{\"@type\":\"ImageObject\",\"@id\":\"https:\/\/www.bilimetrix.net\/it\/cookie\/#primaryimage\",\"inLanguage\":\"it-IT\",\"url\":\"\",\"contentUrl\":\"\"},{\"@type\":\"WebPage\",\"@id\":\"https:\/\/www.bilimetrix.net\/it\/cookie\/#webpage\",\"url\":\"https:\/\/www.bilimetrix.net\/it\/cookie\/\",\"name\":\"Bilimetrix | Informativa sui cookie\",\"isPartOf\":{\"@id\":\"https:\/\/www.bilimetrix.net\/it\/#website\"},\"datePublished\":\"2017-07-25T09:28:45+00:00\",\"dateModified\":\"2020-10-26T13:11:53+00:00\",\"description\":\"Cosa sono i cookie? I cookie sono file di testo di piccole dimensioni trasferiti sul computer, sullo smartphone o sul tablet dell\\u2019utente\",\"breadcrumb\":{\"@id\":\"https:\/\/www.bilimetrix.net\/it\/cookie\/#breadcrumb\"},\"inLanguage\":\"it-IT\",\"potentialAction\":[{\"@type\":\"ReadAction\",\"target\":[\"https:\/\/www.bilimetrix.net\/it\/cookie\/\"]}]},{\"@type\":\"BreadcrumbList\",\"@id\":\"https:\/\/www.bilimetrix.net\/it\/cookie\/#breadcrumb\",\"itemListElement\":[{\"@type\":\"ListItem\",\"position\":1,\"name\":\"Home\",\"item\":\"https:\/\/www.bilimetrix.net\/it\/\"},{\"@type\":\"ListItem\",\"position\":2,\"name\":\"Informativa Sui Cookie\"}]}]}<\/script>\n<!-- \/ Yoast SEO plugin. -->","yoast_head_json":{"title":"Bilimetrix | Informativa sui cookie","description":"Cosa sono i cookie? I cookie sono file di testo di piccole dimensioni trasferiti sul computer, sullo smartphone o sul tablet dell\u2019utente","robots":{"index":"index","follow":"follow","max-snippet":"max-snippet:-1","max-image-preview":"max-image-preview:large","max-video-preview":"max-video-preview:-1"},"canonical":"https:\/\/www.bilimetrix.net\/it\/cookie\/","og_locale":"it_IT","og_type":"article","og_title":"Bilimetrix | Informativa sui cookie","og_description":"Cosa sono i cookie? I cookie sono file di testo di piccole dimensioni trasferiti sul computer, sullo smartphone o sul tablet dell\u2019utente","og_url":"https:\/\/www.bilimetrix.net\/it\/cookie\/","og_site_name":"bilimetrix","article_modified_time":"2020-10-26T13:11:53+00:00","og_image":[{"url":"http:\/\/www.bilimetrix.net\/wp-content\/uploads\/2016\/12\/fb_bilimetrix.jpg"}],"twitter_card":"summary","twitter_misc":{"Est. reading time":"4 minutes"},"schema":{"@context":"https:\/\/schema.org","@graph":[{"@type":"WebSite","@id":"https:\/\/www.bilimetrix.net\/it\/#website","url":"https:\/\/www.bilimetrix.net\/it\/","name":"bilimetrix","description":"Misurare la bilirubina nei neonati usando un POCT","potentialAction":[{"@type":"SearchAction","target":{"@type":"EntryPoint","urlTemplate":"https:\/\/www.bilimetrix.net\/it\/?s={search_term_string}"},"query-input":"required name=search_term_string"}],"inLanguage":"it-IT"},{"@type":"ImageObject","@id":"https:\/\/www.bilimetrix.net\/it\/cookie\/#primaryimage","inLanguage":"it-IT","url":"","contentUrl":""},{"@type":"WebPage","@id":"https:\/\/www.bilimetrix.net\/it\/cookie\/#webpage","url":"https:\/\/www.bilimetrix.net\/it\/cookie\/","name":"Bilimetrix | Informativa sui cookie","isPartOf":{"@id":"https:\/\/www.bilimetrix.net\/it\/#website"},"datePublished":"2017-07-25T09:28:45+00:00","dateModified":"2020-10-26T13:11:53+00:00","description":"Cosa sono i cookie? I cookie sono file di testo di piccole dimensioni trasferiti sul computer, sullo smartphone o sul tablet dell\u2019utente","breadcrumb":{"@id":"https:\/\/www.bilimetrix.net\/it\/cookie\/#breadcrumb"},"inLanguage":"it-IT","potentialAction":[{"@type":"ReadAction","target":["https:\/\/www.bilimetrix.net\/it\/cookie\/"]}]},{"@type":"BreadcrumbList","@id":"https:\/\/www.bilimetrix.net\/it\/cookie\/#breadcrumb","itemListElement":[{"@type":"ListItem","position":1,"name":"Home","item":"https:\/\/www.bilimetrix.net\/it\/"},{"@type":"ListItem","position":2,"name":"Informativa Sui Cookie"}]}]}},"_links":{"self":[{"href":"https:\/\/www.bilimetrix.net\/it\/wp-json\/wp\/v2\/pages\/1518","targetHints":{"allow":["GET"]}}],"collection":[{"href":"https:\/\/www.bilimetrix.net\/it\/wp-json\/wp\/v2\/pages"}],"about":[{"href":"https:\/\/www.bilimetrix.net\/it\/wp-json\/wp\/v2\/types\/page"}],"author":[{"embeddable":true,"href":"https:\/\/www.bilimetrix.net\/it\/wp-json\/wp\/v2\/users\/1"}],"replies":[{"embeddable":true,"href":"https:\/\/www.bilimetrix.net\/it\/wp-json\/wp\/v2\/comments?post=1518"}],"version-history":[{"count":5,"href":"https:\/\/www.bilimetrix.net\/it\/wp-json\/wp\/v2\/pages\/1518\/revisions"}],"predecessor-version":[{"id":2266,"href":"https:\/\/www.bilimetrix.net\/it\/wp-json\/wp\/v2\/pages\/1518\/revisions\/2266"}],"wp:attachment":[{"href":"https:\/\/www.bilimetrix.net\/it\/wp-json\/wp\/v2\/media?parent=1518"}],"curies":[{"name":"wp","href":"https:\/\/api.w.org\/{rel}","templated":true}]}}